{"id":1381,"date":"2020-11-05T09:26:37","date_gmt":"2020-11-05T08:26:37","guid":{"rendered":"https:\/\/www.treemates.net\/?page_id=1381"},"modified":"2023-01-17T09:11:56","modified_gmt":"2023-01-17T08:11:56","slug":"partenaires-2","status":"publish","type":"page","link":"https:\/\/www.treemates.net\/fr\/a-propos-de-nous\/partenaires-2\/","title":{"rendered":"Partenaires"},"content":{"rendered":"<style id=\"kb-rowlayout_5d1f17-b9\">#kt-layout-id_5d1f17-b9{background-color:#e3e05f;}#kt-layout-id_5d1f17-b9 > .kt-row-column-wrap{padding-top:0px;padding-bottom:0px;min-height:400px;max-width:960px;margin-left:auto;margin-right:auto;}<\/style>\n<div class=\"wp-block-kadence-rowlayout alignnone\"><div id=\"kt-layout-id_5d1f17-b9\" class=\"kt-row-layout-inner kt-row-has-bg kt-layout-id_5d1f17-b9\"><div class=\"kt-row-column-wrap kt-has-2-columns kt-gutter-default kt-v-gutter-default kt-row-valign-middle kt-row-layout-equal kt-tab-layout-inherit kt-m-colapse-left-to-right kt-mobile-layout-row\">\n<div class=\"wp-block-kadence-column inner-column-1 kadence-column_3b8fb0-db\"><div class=\"kt-inside-inner-col\"><style id=\"kb-advancedheading_578067-f5\">#kt-adv-heading_578067-f5, #kt-adv-heading_578067-f5 .wp-block-kadence-advancedheading, .wp-block-kadence-advancedheading.kt-adv-heading_578067-f5[data-kb-block=\"kb-adv-heading_578067-f5\"], .kadence-advanced-heading-wrapper .kt-adv-heading_578067-f5[data-kb-block=\"kb-adv-heading_578067-f5\"]{font-weight:normal;}#kt-adv-heading_578067-f5 mark, #kt-adv-heading_578067-f5 .wp-block-kadence-advancedheading mark, .kt-adv-heading_578067-f5[data-kb-block=\"kb-adv-heading_578067-f5\"] mark{font-weight:normal;padding:0px 0px 0px 0px;}<\/style>\n<h1 class=\"kt-adv-heading_578067-f5 wp-block-kadence-advancedheading\" data-kb-block=\"kb-adv-heading_578067-f5\">Nos partenaires<\/h1>\n\n\n<style id=\"kb-advancedheading_7d9c7a-7e\">#kt-adv-heading_7d9c7a-7e, #kt-adv-heading_7d9c7a-7e .wp-block-kadence-advancedheading, .wp-block-kadence-advancedheading.kt-adv-heading_7d9c7a-7e[data-kb-block=\"kb-adv-heading_7d9c7a-7e\"], .kadence-advanced-heading-wrapper .kt-adv-heading_7d9c7a-7e[data-kb-block=\"kb-adv-heading_7d9c7a-7e\"]{font-weight:normal;}#kt-adv-heading_7d9c7a-7e mark, #kt-adv-heading_7d9c7a-7e .wp-block-kadence-advancedheading mark, .kt-adv-heading_7d9c7a-7e[data-kb-block=\"kb-adv-heading_7d9c7a-7e\"] mark{font-weight:normal;padding:0px 0px 0px 0px;}<\/style>\n<h3 class=\"kt-adv-heading_7d9c7a-7e wp-block-kadence-advancedheading\" data-kb-block=\"kb-adv-heading_7d9c7a-7e\">Nous plantons des arbres l\u00e0 o\u00f9 cela a un sens et cr\u00e9ons ainsi des bases de vie.<\/h3>\n\n\n\n<p><\/p>\n<\/div><\/div>\n\n\n\n<div class=\"wp-block-kadence-column inner-column-2 kadence-column_7808a9-dc\"><div class=\"kt-inside-inner-col\">\n<figure class=\"wp-block-image header-partner mb-0 mt-0\"><img loading=\"lazy\" width=\"600\" height=\"860\" src=\"https:\/\/www.treemates.net\/wp-content\/uploads\/2019\/10\/treemates_header_partner.png\" alt=\"\" class=\"wp-image-537\" srcset=\"https:\/\/www.treemates.net\/wp-content\/uploads\/2019\/10\/treemates_header_partner.png 600w, https:\/\/www.treemates.net\/wp-content\/uploads\/2019\/10\/treemates_header_partner-209x300.png 209w\" sizes=\"(max-width: 600px) 100vw, 600px\" \/><\/figure>\n<\/div><\/div>\n<\/div><\/div><\/div>\n\n\n<div class=\"wp-block-coblocks-shape-divider wp-block-coblocks-shape-divider alignfull is-vertically-flipped coblocks-shape-divider-91892941867 mb-0 mt-0 is-vertically-flipped mt-0 mb-0\" style=\"color: #e3e05f;\" aria-hidden=\"true\">\n\t\t\t<div class=\"wp-block-coblocks-shape-divider__svg-wrapper\" style=\"height:100px;\">\n\t\t\t\t<svg class=\"divider--wavy\" viewBox=\"0 0 100 10\" xmlns=\"http:\/\/www.w3.org\/2000\/svg\" preserveAspectRatio=\"none\"><path d=\"m42.19.65c2.26-.25 5.15.04 7.55.53 2.36.49 7.09 2.35 10.05 3.57 7.58 3.22 13.37 4.45 19.26 4.97 2.36.21 4.87.35 10.34-.25s10.62-2.56 10.62-2.56v-6.91h-100.01v3.03s7.2 3.26 15.84 3.05c3.92-.07 9.28-.67 13.4-2.24 2.12-.81 5.22-1.82 7.97-2.42 2.72-.63 3.95-.67 4.98-.77z\" fillRule=\"evenodd\" transform=\"matrix(1 0 0 -1 0 10)\" \/><\/svg>\n\t\t\t<\/div>\n\t\t\t<div class=\"wp-block-coblocks-shape-divider__alt-wrapper\" style=\"height:50px;\"><\/div>\n\t\t<\/div>\n\n<style id=\"kb-rowlayout_21841f-f9\">#kt-layout-id_21841f-f9 > .kt-row-column-wrap{max-width:960px;margin-left:auto;margin-right:auto;}<\/style>\n<div class=\"wp-block-kadence-rowlayout alignnone\"><div id=\"kt-layout-id_21841f-f9\" class=\"kt-row-layout-inner kt-layout-id_21841f-f9\"><div class=\"kt-row-column-wrap kt-has-1-columns kt-gutter-default kt-v-gutter-default kt-row-valign-top kt-row-layout-equal kt-tab-layout-inherit kt-m-colapse-left-to-right kt-mobile-layout-row\">\n<div class=\"wp-block-kadence-column inner-column-1 kadence-column_5f5ca8-4c\"><div class=\"kt-inside-inner-col\"><span><span><a href=\"https:\/\/www.treemates.net\/fr\/\">Startseite<\/a><\/span>\n<\/div><\/div>\n<\/div><\/div><\/div>\n\n\n<style id=\"kb-rowlayout_7e8676-70\">#kt-layout-id_7e8676-70{margin-top:100px;}#kt-layout-id_7e8676-70 > .kt-row-column-wrap{max-width:960px;margin-left:auto;margin-right:auto;}<\/style>\n<div class=\"wp-block-kadence-rowlayout alignnone\"><div id=\"kt-layout-id_7e8676-70\" class=\"kt-row-layout-inner kt-layout-id_7e8676-70\"><div class=\"kt-row-column-wrap kt-has-1-columns kt-gutter-default kt-v-gutter-default kt-row-valign-top kt-row-layout-equal kt-tab-layout-inherit kt-m-colapse-left-to-right kt-mobile-layout-row\">\n<div class=\"wp-block-kadence-column inner-column-1 kadence-column_f58180-19\"><div class=\"kt-inside-inner-col\">\n<p>La reforestation des tropiques est consid\u00e9r\u00e9e par les scientifiques comme le meilleur moyen de lutter contre le changement climatique. Les tropiques sont, \u00e0 juste titre, appel\u00e9s les poumons de notre plan\u00e8te. Les changements r\u00e9gionaux dans ces r\u00e9gions (par exemple par l&rsquo;\u00e9vaporation) ont \u00e9galement un effet positif sur le climat dans l\u2019h\u00e9misph\u00e8re Nord, l&rsquo;\u00e9conomie r\u00e9gionale, la s\u00e9curit\u00e9 alimentaire et l&rsquo;\u00e9cosyst\u00e8me en g\u00e9n\u00e9ral.<\/p>\n\n\n\n<p>Pour cette raison, TreeMates travaille actuellement exclusivement avec des <strong>organisations certifi\u00e9es <\/strong>qui mettent en \u0153uvre des projets dans les r\u00e9gions du monde, o\u00f9 la situation est la plus critique&nbsp; et impliquent la population locale.<\/p>\n\n\n\n<hr class=\"wp-block-coblocks-dynamic-separator is-style-dots\" style=\"height:50px\"\/>\n<\/div><\/div>\n<\/div><\/div><\/div>\n\n\n<style id=\"kb-rowlayout_a8aeab-05\">#kt-layout-id_a8aeab-05 > .kt-row-column-wrap{max-width:960px;margin-left:auto;margin-right:auto;}<\/style>\n<div class=\"wp-block-kadence-rowlayout alignnone\"><div id=\"kt-layout-id_a8aeab-05\" class=\"kt-row-layout-inner kt-layout-id_a8aeab-05\"><div class=\"kt-row-column-wrap kt-has-2-columns kt-gutter-default kt-v-gutter-default kt-row-valign-top kt-row-layout-right-golden kt-tab-layout-inherit kt-m-colapse-left-to-right kt-mobile-layout-row\">\n<div class=\"wp-block-kadence-column inner-column-1 kadence-column_195f49-b2\"><div class=\"kt-inside-inner-col\">\n<figure class=\"wp-block-image\"><img loading=\"lazy\" width=\"400\" height=\"400\" src=\"https:\/\/www.treemates.net\/wp-content\/uploads\/2019\/11\/logo_cobiga.jpg\" alt=\"\" class=\"wp-image-649\" srcset=\"https:\/\/www.treemates.net\/wp-content\/uploads\/2019\/11\/logo_cobiga.jpg 400w, https:\/\/www.treemates.net\/wp-content\/uploads\/2019\/11\/logo_cobiga-150x150.jpg 150w, https:\/\/www.treemates.net\/wp-content\/uploads\/2019\/11\/logo_cobiga-300x300.jpg 300w\" sizes=\"(max-width: 400px) 100vw, 400px\" \/><\/figure>\n<\/div><\/div>\n\n\n\n<div class=\"wp-block-kadence-column inner-column-2 kadence-column_efab8c-fa\"><div class=\"kt-inside-inner-col\"><style id=\"kb-advancedheading_1f17c8-30\">#kt-adv-heading_1f17c8-30, #kt-adv-heading_1f17c8-30 .wp-block-kadence-advancedheading, .wp-block-kadence-advancedheading.kt-adv-heading_1f17c8-30[data-kb-block=\"kb-adv-heading_1f17c8-30\"], .kadence-advanced-heading-wrapper .kt-adv-heading_1f17c8-30[data-kb-block=\"kb-adv-heading_1f17c8-30\"]{font-weight:normal;}#kt-adv-heading_1f17c8-30 mark, #kt-adv-heading_1f17c8-30 .wp-block-kadence-advancedheading mark, .kt-adv-heading_1f17c8-30[data-kb-block=\"kb-adv-heading_1f17c8-30\"] mark{font-weight:normal;padding:0px 0px 0px 0px;}<\/style>\n<h2 class=\"kt-adv-heading_1f17c8-30 wp-block-kadence-advancedheading\" data-kb-block=\"kb-adv-heading_1f17c8-30\">COBIGA \u2013 Regenwald der \u00d6sterreicher\/La Gamba<\/h2>\n\n\n\n<p>Le projet COBIGA&nbsp; vise \u00e0 revitaliser un corridor biologique entre la for\u00eat d&rsquo;Esquinas et les Fila Cruces, une cr\u00eate de montagne bois\u00e9e. La for\u00eat est actuellement interrompue par l&rsquo;utilisation agricole et les p\u00e2turages abandonn\u00e9s.<\/p>\n\n\n\n<p>L&rsquo;objectif est le reboisement et l&rsquo;achat de terres, qui sont \u00e9galement utilis\u00e9es pour maintenir la biodiversit\u00e9 et r\u00e9duire les \u00e9missions de CO2 gr\u00e2ce \u00e0 une fixation \u00e0 long terme dans la biomasse.<\/p>\n\n\n\n<p><a aria-label=\"Das Projekt auf YouTube (opens in a new tab)\" rel=\"noreferrer noopener\" href=\"https:\/\/www.youtube.com\/watch?v=1XAWmmpnb9Y\" target=\"_blank\">&nbsp;Le projet sur YouTube<\/a><br><a href=\"https:\/\/www.lagamba.at\/cobiga\/\" target=\"_blank\" rel=\"noreferrer noopener\">Description plus d\u00e9taill\u00e9e<\/a><\/p>\n\n\n<style id=\"kb-advancedbtn_b5155f-b1\">.kt-btns_b5155f-b1 .kt-btn-wrap-0{margin-right:5px;}.rtl .kt-btns_b5155f-b1 .kt-btn-wrap-0{margin-left:5px;margin-right:0px;}.wp-block-kadence-advancedbtn.kt-btns_b5155f-b1 .kt-btn-wrap-0 .kt-button{color:#ffffff;background:#313131;border-color:rgba(85, 85, 85, 0);}.wp-block-kadence-advancedbtn.kt-btns_b5155f-b1 .kt-btn-wrap-0 .kt-button:hover, .wp-block-kadence-advancedbtn.kt-btns_b5155f-b1 .kt-btn-wrap-0 .kt-button:focus{color:#ffffff;border-color:#444444;}.wp-block-kadence-advancedbtn.kt-btns_b5155f-b1 .kt-btn-wrap-0 .kt-button::before{display:none;}.wp-block-kadence-advancedbtn.kt-btns_b5155f-b1 .kt-btn-wrap-0 .kt-button:hover, .wp-block-kadence-advancedbtn.kt-btns_b5155f-b1 .kt-btn-wrap-0 .kt-button:focus{background:#444444;}<\/style>\n<div class=\"wp-block-kadence-advancedbtn kt-btn-align-left kt-btn-tablet-align-inherit kt-btn-mobile-align-inherit kt-btns-wrap kt-btns_b5155f-b1\"><div class=\"kt-btn-wrap kt-btn-wrap-0\"><a class=\"kt-button button kt-btn-0-action kt-btn-size-standard kt-btn-style-basic kt-btn-svg-show-always kt-btn-has-text-true kt-btn-has-svg-true\" href=\"https:\/\/www.lagamba.at\/cobiga\/\" target=\"_blank\" rel=\"noreferrer noopener\" style=\"border-radius:4px;border-width:2px\"><span class=\"kt-btn-inner-text\">Vers le site Web<\/span><div style=\"display:inline-flex;justify-content:center;align-items:center\" class=\"kt-btn-svg-icon kt-btn-svg-icon-fe_arrowRight kt-btn-side-right\"><svg style=\"display:inline-block;vertical-align:middle\" viewbox=\"0 0 24 24\" height=\"1em\" width=\"1em\" fill=\"none\" stroke=\"currentColor\" xmlns=\"http:\/\/www.w3.org\/2000\/svg\" stroke-width=\"2\" stroke-linecap=\"round\" stroke-linejoin=\"round\"><line x1=\"5\" y1=\"12\" x2=\"19\" y2=\"12\"><\/line><polyline points=\"12 5 19 12 12 19\"><\/polyline><\/svg><\/div><\/a><\/div><\/div>\n\n\n\n<p><\/p>\n<\/div><\/div>\n<\/div><\/div><\/div>\n","protected":false},"excerpt":{"rendered":"<p>Nos partenaires Nous plantons des arbres l\u00e0 o\u00f9 cela a un sens et cr\u00e9ons ainsi des bases de vie. La reforestation des tropiques est consid\u00e9r\u00e9e par les scientifiques comme le meilleur moyen de lutter contre le changement climatique. Les tropiques sont, \u00e0 juste titre, appel\u00e9s les poumons de notre plan\u00e8te. Les changements r\u00e9gionaux dans ces <a href=\"https:\/\/www.treemates.net\/fr\/a-propos-de-nous\/partenaires-2\/\" class=\"more-link\">&#8230;<\/a><\/p>\n","protected":false},"author":1,"featured_media":0,"parent":1372,"menu_order":0,"comment_status":"closed","ping_status":"closed","template":"","meta":{"_coblocks_attr":"","_coblocks_dimensions":"","_coblocks_responsive_height":"","_coblocks_accordion_ie_support":""},"yoast_head":"<!-- This site is optimized with the Yoast SEO plugin v18.3 - https:\/\/yoast.com\/wordpress\/plugins\/seo\/ -->\n<title>Partenaires - TreeMates<\/title>\n<meta name=\"robots\" content=\"index, follow, max-snippet:-1, max-image-preview:large, max-video-preview:-1\" \/>\n<link rel=\"canonical\" href=\"https:\/\/www.treemates.net\/fr\/a-propos-de-nous\/partenaires-2\/\" \/>\n<meta property=\"og:locale\" content=\"fr_FR\" \/>\n<meta property=\"og:type\" content=\"article\" \/>\n<meta property=\"og:title\" content=\"Partenaires - TreeMates\" \/>\n<meta property=\"og:description\" content=\"Nos partenaires Nous plantons des arbres l\u00e0 o\u00f9 cela a un sens et cr\u00e9ons ainsi des bases de vie. La reforestation des tropiques est consid\u00e9r\u00e9e par les scientifiques comme le meilleur moyen de lutter contre le changement climatique. Les tropiques sont, \u00e0 juste titre, appel\u00e9s les poumons de notre plan\u00e8te. Les changements r\u00e9gionaux dans ces ...\" \/>\n<meta property=\"og:url\" content=\"https:\/\/www.treemates.net\/fr\/a-propos-de-nous\/partenaires-2\/\" \/>\n<meta property=\"og:site_name\" content=\"TreeMates\" \/>\n<meta property=\"article:modified_time\" content=\"2023-01-17T08:11:56+00:00\" \/>\n<meta property=\"og:image\" content=\"https:\/\/www.treemates.net\/wp-content\/uploads\/2019\/10\/treemates_header_partner.png\" \/>\n<meta name=\"twitter:card\" content=\"summary_large_image\" \/>\n<meta name=\"twitter:label1\" content=\"Dur\u00e9e de lecture estim\u00e9e\" \/>\n\t<meta name=\"twitter:data1\" content=\"3 minutes\" \/>\n<script type=\"application\/ld+json\" class=\"yoast-schema-graph\">{\"@context\":\"https:\/\/schema.org\",\"@graph\":[{\"@type\":\"WebSite\",\"@id\":\"https:\/\/www.treemates.net\/#website\",\"url\":\"https:\/\/www.treemates.net\/\",\"name\":\"TreeMates\",\"description\":\"\",\"potentialAction\":[{\"@type\":\"SearchAction\",\"target\":{\"@type\":\"EntryPoint\",\"urlTemplate\":\"https:\/\/www.treemates.net\/?s={search_term_string}\"},\"query-input\":\"required name=search_term_string\"}],\"inLanguage\":\"fr-FR\"},{\"@type\":\"ImageObject\",\"@id\":\"https:\/\/www.treemates.net\/fr\/a-propos-de-nous\/partenaires-2\/#primaryimage\",\"inLanguage\":\"fr-FR\",\"url\":\"https:\/\/www.treemates.net\/wp-content\/uploads\/2019\/10\/treemates_header_partner.png\",\"contentUrl\":\"https:\/\/www.treemates.net\/wp-content\/uploads\/2019\/10\/treemates_header_partner.png\",\"width\":600,\"height\":860},{\"@type\":\"WebPage\",\"@id\":\"https:\/\/www.treemates.net\/fr\/a-propos-de-nous\/partenaires-2\/#webpage\",\"url\":\"https:\/\/www.treemates.net\/fr\/a-propos-de-nous\/partenaires-2\/\",\"name\":\"Partenaires - TreeMates\",\"isPartOf\":{\"@id\":\"https:\/\/www.treemates.net\/#website\"},\"primaryImageOfPage\":{\"@id\":\"https:\/\/www.treemates.net\/fr\/a-propos-de-nous\/partenaires-2\/#primaryimage\"},\"datePublished\":\"2020-11-05T08:26:37+00:00\",\"dateModified\":\"2023-01-17T08:11:56+00:00\",\"breadcrumb\":{\"@id\":\"https:\/\/www.treemates.net\/fr\/a-propos-de-nous\/partenaires-2\/#breadcrumb\"},\"inLanguage\":\"fr-FR\",\"potentialAction\":[{\"@type\":\"ReadAction\",\"target\":[\"https:\/\/www.treemates.net\/fr\/a-propos-de-nous\/partenaires-2\/\"]}]},{\"@type\":\"BreadcrumbList\",\"@id\":\"https:\/\/www.treemates.net\/fr\/a-propos-de-nous\/partenaires-2\/#breadcrumb\",\"itemListElement\":[{\"@type\":\"ListItem\",\"position\":1,\"name\":\"Startseite\",\"item\":\"https:\/\/www.treemates.net\/fr\/\"},{\"@type\":\"ListItem\",\"position\":2,\"name\":\"\u00c0 propos de nous\",\"item\":\"https:\/\/www.treemates.net\/fr\/a-propos-de-nous\/\"},{\"@type\":\"ListItem\",\"position\":3,\"name\":\"Partenaires\"}]}]}<\/script>\n<!-- \/ Yoast SEO plugin. -->","yoast_head_json":{"title":"Partenaires - TreeMates","robots":{"index":"index","follow":"follow","max-snippet":"max-snippet:-1","max-image-preview":"max-image-preview:large","max-video-preview":"max-video-preview:-1"},"canonical":"https:\/\/www.treemates.net\/fr\/a-propos-de-nous\/partenaires-2\/","og_locale":"fr_FR","og_type":"article","og_title":"Partenaires - TreeMates","og_description":"Nos partenaires Nous plantons des arbres l\u00e0 o\u00f9 cela a un sens et cr\u00e9ons ainsi des bases de vie. La reforestation des tropiques est consid\u00e9r\u00e9e par les scientifiques comme le meilleur moyen de lutter contre le changement climatique. Les tropiques sont, \u00e0 juste titre, appel\u00e9s les poumons de notre plan\u00e8te. Les changements r\u00e9gionaux dans ces ...","og_url":"https:\/\/www.treemates.net\/fr\/a-propos-de-nous\/partenaires-2\/","og_site_name":"TreeMates","article_modified_time":"2023-01-17T08:11:56+00:00","og_image":[{"url":"https:\/\/www.treemates.net\/wp-content\/uploads\/2019\/10\/treemates_header_partner.png"}],"twitter_card":"summary_large_image","twitter_misc":{"Dur\u00e9e de lecture estim\u00e9e":"3 minutes"},"schema":{"@context":"https:\/\/schema.org","@graph":[{"@type":"WebSite","@id":"https:\/\/www.treemates.net\/#website","url":"https:\/\/www.treemates.net\/","name":"TreeMates","description":"","potentialAction":[{"@type":"SearchAction","target":{"@type":"EntryPoint","urlTemplate":"https:\/\/www.treemates.net\/?s={search_term_string}"},"query-input":"required name=search_term_string"}],"inLanguage":"fr-FR"},{"@type":"ImageObject","@id":"https:\/\/www.treemates.net\/fr\/a-propos-de-nous\/partenaires-2\/#primaryimage","inLanguage":"fr-FR","url":"https:\/\/www.treemates.net\/wp-content\/uploads\/2019\/10\/treemates_header_partner.png","contentUrl":"https:\/\/www.treemates.net\/wp-content\/uploads\/2019\/10\/treemates_header_partner.png","width":600,"height":860},{"@type":"WebPage","@id":"https:\/\/www.treemates.net\/fr\/a-propos-de-nous\/partenaires-2\/#webpage","url":"https:\/\/www.treemates.net\/fr\/a-propos-de-nous\/partenaires-2\/","name":"Partenaires - TreeMates","isPartOf":{"@id":"https:\/\/www.treemates.net\/#website"},"primaryImageOfPage":{"@id":"https:\/\/www.treemates.net\/fr\/a-propos-de-nous\/partenaires-2\/#primaryimage"},"datePublished":"2020-11-05T08:26:37+00:00","dateModified":"2023-01-17T08:11:56+00:00","breadcrumb":{"@id":"https:\/\/www.treemates.net\/fr\/a-propos-de-nous\/partenaires-2\/#breadcrumb"},"inLanguage":"fr-FR","potentialAction":[{"@type":"ReadAction","target":["https:\/\/www.treemates.net\/fr\/a-propos-de-nous\/partenaires-2\/"]}]},{"@type":"BreadcrumbList","@id":"https:\/\/www.treemates.net\/fr\/a-propos-de-nous\/partenaires-2\/#breadcrumb","itemListElement":[{"@type":"ListItem","position":1,"name":"Startseite","item":"https:\/\/www.treemates.net\/fr\/"},{"@type":"ListItem","position":2,"name":"\u00c0 propos de nous","item":"https:\/\/www.treemates.net\/fr\/a-propos-de-nous\/"},{"@type":"ListItem","position":3,"name":"Partenaires"}]}]}},"_links":{"self":[{"href":"https:\/\/www.treemates.net\/fr\/wp-json\/wp\/v2\/pages\/1381"}],"collection":[{"href":"https:\/\/www.treemates.net\/fr\/wp-json\/wp\/v2\/pages"}],"about":[{"href":"https:\/\/www.treemates.net\/fr\/wp-json\/wp\/v2\/types\/page"}],"author":[{"embeddable":true,"href":"https:\/\/www.treemates.net\/fr\/wp-json\/wp\/v2\/users\/1"}],"replies":[{"embeddable":true,"href":"https:\/\/www.treemates.net\/fr\/wp-json\/wp\/v2\/comments?post=1381"}],"version-history":[{"count":2,"href":"https:\/\/www.treemates.net\/fr\/wp-json\/wp\/v2\/pages\/1381\/revisions"}],"predecessor-version":[{"id":3854,"href":"https:\/\/www.treemates.net\/fr\/wp-json\/wp\/v2\/pages\/1381\/revisions\/3854"}],"up":[{"embeddable":true,"href":"https:\/\/www.treemates.net\/fr\/wp-json\/wp\/v2\/pages\/1372"}],"wp:attachment":[{"href":"https:\/\/www.treemates.net\/fr\/wp-json\/wp\/v2\/media?parent=1381"}],"curies":[{"name":"wp","href":"https:\/\/api.w.org\/{rel}","templated":true}]}}