{"id":1369,"date":"2019-10-03T10:21:19","date_gmt":"2019-10-03T08:21:19","guid":{"rendered":"https:\/\/www.treemates.net\/beispiel-seite\/"},"modified":"2020-11-05T09:59:29","modified_gmt":"2020-11-05T08:59:29","slug":"beispiel-seite","status":"publish","type":"page","link":"https:\/\/www.treemates.net\/fr\/","title":{"rendered":"Page d&rsquo;accueil"},"content":{"rendered":"<style id=\"kb-rowlayout_85dedd-8a\">@media all and (min-width: 768px){#kt-layout-id_85dedd-8a > .kt-row-column-wrap > .inner-column-1{flex:0 1 60%;-webkit-flex:0 1 60%;}#kt-layout-id_85dedd-8a > .kt-row-column-wrap > .inner-column-2{flex:0 1 40%;-webkit-flex:0 1 40%;}}#kt-layout-id_85dedd-8a{margin-bottom:0px;background-color:#588266;background-image:url('https:\/\/www.treemates.net\/wp-content\/uploads\/2019\/10\/Startseite_lang2.jpg');background-size:cover;background-position:left center;background-attachment:scroll;background-repeat:no-repeat;}#kt-layout-id_85dedd-8a > .kt-row-column-wrap{padding-top:50px;padding-bottom:50px;min-height:600px;max-width:1200px;margin-left:auto;margin-right:auto;}@media all and (max-width: 767px){#kt-layout-id_85dedd-8a{background-image:url('https:\/\/www.treemates.net\/wp-content\/uploads\/2019\/10\/treemates_startseite_illu.jpg');background-size:cover;background-position:center center;background-attachment:scroll;background-repeat:no-repeat;}}<\/style>\n<div class=\"wp-block-kadence-rowlayout alignnone\" id=\"hero\"><div id=\"kt-layout-id_85dedd-8a\" class=\"kt-row-layout-inner kt-row-has-bg kt-layout-id_85dedd-8a\" style=\"background-image:url(https:\/\/www.treemates.net\/wp-content\/uploads\/2019\/10\/Startseite_lang2.jpg)\"><div class=\"kt-row-column-wrap kt-has-2-columns kt-gutter-default kt-v-gutter-default kt-row-valign-middle kt-row-layout-equal kt-tab-layout-inherit kt-m-colapse-left-to-right kt-mobile-layout-row  kt-custom-first-width-60  kt-custom-second-width-40\">\n<div class=\"wp-block-kadence-column inner-column-1 kadence-column_0ed420-dd\"><div class=\"kt-inside-inner-col\"><\/div><\/div>\n\n\n\n<div class=\"wp-block-kadence-column inner-column-2 kadence-column_920576-29\"><div class=\"kt-inside-inner-col\">\n<h1 id=\"kt-adv-heading_4aa2c9-c2\" class=\"kt-adv-heading_4aa2c9-c2 wp-block-kadence-advancedheading\">Tout le monde peut d\u00e9sormais planter des arbres et sauver notre plan\u00e8te!<\/h1>\n\n\n\n<p>Devenez un <strong>TreeMate<\/strong> et plantons ensemble <strong>900 millions<\/strong> d&rsquo;hectares de for\u00eat pour promouvoir la <strong>reforestation durable<\/strong> des for\u00eats et ainsi sauver notre plan\u00e8te.<\/p>\n<\/div><\/div>\n<\/div><\/div><\/div>\n\n\n\n<svg width=\"0\" height=\"0\">\n    <defs>\n        <clipPath id=\"waveClip\" clipPathUnits=\"objectBoundingBox\">\n            <path stroke=\"null\" d=\"m1,-0.00293l-1,0l-0.00586,0.40439l0.00488,0.41641c0.125,-0.02693 0.16072,0.0168 0.19562,0.04452c0.0349,0.02773 0.03709,0.03762 0.08329,0.03781c0.0462,0.00019 0.07671,-0.01782 0.12266,-0.04347c0.04595,-0.02565 0.14428,-0.01619 0.1936,0.01573c0.18255,0.09402 0.08483,0.0453 0.17085,0.08671c0.08602,0.0414 0.13877,0.03454 0.23594,0.03822l-0.00098,-0.25487l0,-0.24848l0,-0.24848l0,-0.24849z\"><\/path>\n        <\/clipPath>\n    <\/defs>            \n<\/svg>\n\n\n<style id=\"kb-rowlayout_a4ccbe-0e\">#kt-layout-id_a4ccbe-0e > .kt-row-column-wrap{max-width:960px;margin-left:auto;margin-right:auto;}<\/style>\n<div class=\"wp-block-kadence-rowlayout alignnone\"><div id=\"kt-layout-id_a4ccbe-0e\" class=\"kt-row-layout-inner kt-layout-id_a4ccbe-0e\"><div class=\"kt-row-column-wrap kt-has-1-columns kt-gutter-default kt-v-gutter-default kt-row-valign-top kt-row-layout-equal kt-tab-layout-inherit kt-m-colapse-left-to-right kt-mobile-layout-row\">\n<div class=\"wp-block-kadence-column inner-column-1 kadence-column_f466fd-44\"><div class=\"kt-inside-inner-col\"><div class=\"clients-carousel\"><div class=\"slide\"><img src=\"https:\/\/www.treemates.net\/wp-content\/uploads\/2020\/11\/client-hellobody.jpg\" alt=\"\" \/><\/div><div class=\"slide\"><img src=\"https:\/\/www.treemates.net\/wp-content\/uploads\/2020\/03\/clients_logo_karriereat.jpg\" alt=\"Logo Karriere.at\" \/><\/div><div class=\"slide\"><img src=\"https:\/\/www.treemates.net\/wp-content\/uploads\/2020\/03\/clients_logo_babauba.jpg\" alt=\"Logo Babauba\" \/><\/div><div class=\"slide\"><img src=\"https:\/\/www.treemates.net\/wp-content\/uploads\/2020\/03\/clients_logo_velofood.jpg\" alt=\"Logo Velofood\" \/><\/div><div class=\"slide\"><img src=\"https:\/\/www.treemates.net\/wp-content\/uploads\/2020\/03\/clients_logo_biomazing.jpg\" alt=\"\" \/><\/div><div class=\"slide\"><img src=\"https:\/\/www.treemates.net\/wp-content\/uploads\/2020\/03\/clients_logo_kiwi.jpg\" alt=\"\" \/><\/div><div class=\"slide\"><img src=\"https:\/\/www.treemates.net\/wp-content\/uploads\/2020\/04\/clients_logo_qoob.jpg\" alt=\"\" \/><\/div><\/div>\n<\/div><\/div>\n<\/div><\/div><\/div>\n\n\n<style id=\"kb-rowlayout_be6e5b-0d\">@media all and (min-width: 768px){#kt-layout-id_be6e5b-0d > .kt-row-column-wrap > .inner-column-1{flex:0 1 50%;-webkit-flex:0 1 50%;}#kt-layout-id_be6e5b-0d > .kt-row-column-wrap > .inner-column-2{flex:0 1 50%;-webkit-flex:0 1 50%;}}#kt-layout-id_be6e5b-0d{margin-top:50px;margin-bottom:50px;}#kt-layout-id_be6e5b-0d > .kt-row-column-wrap{max-width:960px;margin-left:auto;margin-right:auto;}<\/style>\n<div class=\"wp-block-kadence-rowlayout alignnone\"><div id=\"kt-layout-id_be6e5b-0d\" class=\"kt-row-layout-inner kt-layout-id_be6e5b-0d\"><div class=\"kt-row-column-wrap kt-has-2-columns kt-gutter-wide kt-v-gutter-default kt-row-valign-middle kt-row-layout-equal kt-tab-layout-inherit kt-m-colapse-left-to-right kt-mobile-layout-row  kt-custom-first-width-50  kt-custom-second-width-50\">\n<div class=\"wp-block-kadence-column inner-column-1 kadence-column_f6e1d2-4a\"><div class=\"kt-inside-inner-col\">\n<figure class=\"wp-block-image\"><img loading=\"lazy\" width=\"999\" height=\"800\" src=\"https:\/\/www.treemates.net\/wp-content\/uploads\/2019\/10\/treemates_header_aboutus.jpg\" alt=\"\" class=\"wp-image-529\" srcset=\"https:\/\/www.treemates.net\/wp-content\/uploads\/2019\/10\/treemates_header_aboutus.jpg 999w, https:\/\/www.treemates.net\/wp-content\/uploads\/2019\/10\/treemates_header_aboutus-300x240.jpg 300w\" sizes=\"(max-width: 999px) 100vw, 999px\" \/><\/figure>\n<\/div><\/div>\n\n\n\n<div class=\"wp-block-kadence-column inner-column-2 kadence-column_4721a5-f8\"><div class=\"kt-inside-inner-col\">\n<p class=\"sub-header\">Reforestation durable<\/p>\n\n\n\n<h2><strong>Sauvons le monde.<\/strong><br>Arbre apr\u00e8s arbre.<\/h2>\n\n\n\n<p>Deux choses sont av\u00e9r\u00e9es : d&rsquo;une part, que, depuis des ann\u00e9es, nous creusons notre propre tombe, et d&rsquo;autre part, que notre salut passe par la plantation d\u2019arbres.<\/p>\n\n\n<style id=\"kb-advancedbtn_dd6226-f9\">.kt-btns_dd6226-f9 .kt-btn-wrap-0{margin-right:5px;}.rtl .kt-btns_dd6226-f9 .kt-btn-wrap-0{margin-left:5px;margin-right:0px;}.wp-block-kadence-advancedbtn.kt-btns_dd6226-f9 .kt-btn-wrap-0 .kt-button{color:#ffffff;background:#313131;border-color:rgba(85, 85, 85, 0);}.wp-block-kadence-advancedbtn.kt-btns_dd6226-f9 .kt-btn-wrap-0 .kt-button:hover, .wp-block-kadence-advancedbtn.kt-btns_dd6226-f9 .kt-btn-wrap-0 .kt-button:focus{color:#313131;border-color:#444444;}.wp-block-kadence-advancedbtn.kt-btns_dd6226-f9 .kt-btn-wrap-0 .kt-button::before{display:none;}.wp-block-kadence-advancedbtn.kt-btns_dd6226-f9 .kt-btn-wrap-0 .kt-button:hover, .wp-block-kadence-advancedbtn.kt-btns_dd6226-f9 .kt-btn-wrap-0 .kt-button:focus{background:#ffffff;}<\/style>\n<div class=\"wp-block-kadence-advancedbtn kt-btn-align-left kt-btn-tablet-align-inherit kt-btn-mobile-align-inherit kt-btns-wrap kt-btns_dd6226-f9\"><div class=\"kt-btn-wrap kt-btn-wrap-0\"><a class=\"kt-button button kt-btn-0-action kt-btn-size-standard kt-btn-style-basic kt-btn-svg-show-always kt-btn-has-text-true kt-btn-has-svg-false\" href=\"https:\/\/www.treemates.net\/fr\/a-propos-de-nous\/pourquoi-treemates\/\" style=\"border-radius:4px;border-width:2px\"><span class=\"kt-btn-inner-text\">Qu\u2019est ce que TreeMates ?<\/span><\/a><\/div><\/div>\n\n\n\n<p><\/p>\n<\/div><\/div>\n<\/div><\/div><\/div>\n","protected":false},"excerpt":{"rendered":"<p>Tout le monde peut d\u00e9sormais planter des arbres et sauver notre plan\u00e8te! Devenez un TreeMate et plantons ensemble 900 millions d&rsquo;hectares de for\u00eat pour promouvoir la reforestation durable des for\u00eats et ainsi sauver notre plan\u00e8te. Reforestation durable Sauvons le monde.Arbre apr\u00e8s arbre. Deux choses sont av\u00e9r\u00e9es : d&rsquo;une part, que, depuis des ann\u00e9es, nous creusons <a href=\"https:\/\/www.treemates.net\/fr\/\" class=\"more-link\">&#8230;<\/a><\/p>\n","protected":false},"author":1,"featured_media":0,"parent":0,"menu_order":0,"comment_status":"closed","ping_status":"open","template":"","meta":{"_coblocks_attr":"","_coblocks_dimensions":"{\"coblocks-row-9313350508\":{\"margin\":{\"marginTop\":null,\"marginRight\":null,\"marginBottom\":null,\"marginLeft\":null,\"marginTopTablet\":null,\"marginRightTablet\":null,\"marginBottomTablet\":null,\"marginLeftTablet\":null,\"marginTopMobile\":null,\"marginRightMobile\":null,\"marginBottomMobile\":null,\"marginLeftMobile\":null}},\"coblocks-features-93134144187\":{\"margin\":{\"marginTop\":\"50px\",\"marginRight\":null,\"marginBottom\":null,\"marginLeft\":null,\"marginTopTablet\":null,\"marginRightTablet\":null,\"marginBottomTablet\":null,\"marginLeftTablet\":null,\"marginTopMobile\":null,\"marginRightMobile\":null,\"marginBottomMobile\":null,\"marginLeftMobile\":null}},\"coblocks-row-9313405670\":{\"margin\":{\"marginTop\":null,\"marginRight\":null,\"marginBottom\":\"100px\",\"marginLeft\":null,\"marginTopTablet\":null,\"marginRightTablet\":null,\"marginBottomTablet\":null,\"marginLeftTablet\":null,\"marginTopMobile\":null,\"marginRightMobile\":null,\"marginBottomMobile\":null,\"marginLeftMobile\":null}},\"coblocks-row-93155343780\":{\"margin\":{\"marginTop\":null,\"marginRight\":null,\"marginBottom\":\"100px\",\"marginLeft\":null,\"marginTopTablet\":null,\"marginRightTablet\":null,\"marginBottomTablet\":null,\"marginLeftTablet\":null,\"marginTopMobile\":null,\"marginRightMobile\":null,\"marginBottomMobile\":null,\"marginLeftMobile\":null}},\"coblocks-hero-93155927157\":{\"padding\":{\"paddingTop\":\"60px\",\"paddingRight\":\"60px\",\"paddingBottom\":\"60px\",\"paddingLeft\":\"60px\",\"paddingTopTablet\":null,\"paddingRightTablet\":null,\"paddingBottomTablet\":null,\"paddingLeftTablet\":null,\"paddingTopMobile\":null,\"paddingRightMobile\":null,\"paddingBottomMobile\":null,\"paddingLeftMobile\":null}}}","_coblocks_responsive_height":"{\"coblocks-shape-divider-93141829493\":{\"shapeHeight\":{\"height\":20}},\"coblocks-shape-divider-9314515318\":{\"shapeHeight\":{\"height\":40},\"backgroundHeight\":{\"height\":51}},\"coblocks-shape-divider-93161627840\":{\"shapeHeight\":{\"height\":56}},\"coblocks-shape-divider-93221556437\":{\"backgroundHeight\":{\"height\":20},\"shapeHeight\":{\"height\":100}}}","_coblocks_accordion_ie_support":""},"yoast_head":"<!-- This site is optimized with the Yoast SEO plugin v18.3 - https:\/\/yoast.com\/wordpress\/plugins\/seo\/ -->\n<title>TreeMates | Le projet CSR, pour une reforestation durable de la Terre.<\/title>\n<meta name=\"robots\" content=\"index, follow, max-snippet:-1, max-image-preview:large, max-video-preview:-1\" \/>\n<link rel=\"canonical\" href=\"https:\/\/www.treemates.net\/fr\/\" \/>\n<meta property=\"og:locale\" content=\"fr_FR\" \/>\n<meta property=\"og:type\" content=\"article\" \/>\n<meta property=\"og:title\" content=\"TreeMates | Le projet CSR, pour une reforestation durable de la Terre.\" \/>\n<meta property=\"og:description\" content=\"Tout le monde peut d\u00e9sormais planter des arbres et sauver notre plan\u00e8te! Devenez un TreeMate et plantons ensemble 900 millions d&rsquo;hectares de for\u00eat pour promouvoir la reforestation durable des for\u00eats et ainsi sauver notre plan\u00e8te. Reforestation durable Sauvons le monde.Arbre apr\u00e8s arbre. Deux choses sont av\u00e9r\u00e9es : d&rsquo;une part, que, depuis des ann\u00e9es, nous creusons ...\" \/>\n<meta property=\"og:url\" content=\"https:\/\/www.treemates.net\/fr\/\" \/>\n<meta property=\"og:site_name\" content=\"TreeMates\" \/>\n<meta property=\"article:modified_time\" content=\"2020-11-05T08:59:29+00:00\" \/>\n<meta property=\"og:image\" content=\"https:\/\/www.treemates.net\/wp-content\/uploads\/2019\/10\/treemates_header_aboutus.jpg\" \/>\n<meta name=\"twitter:card\" content=\"summary_large_image\" \/>\n<script type=\"application\/ld+json\" class=\"yoast-schema-graph\">{\"@context\":\"https:\/\/schema.org\",\"@graph\":[{\"@type\":\"WebSite\",\"@id\":\"https:\/\/www.treemates.net\/#website\",\"url\":\"https:\/\/www.treemates.net\/\",\"name\":\"TreeMates\",\"description\":\"\",\"potentialAction\":[{\"@type\":\"SearchAction\",\"target\":{\"@type\":\"EntryPoint\",\"urlTemplate\":\"https:\/\/www.treemates.net\/?s={search_term_string}\"},\"query-input\":\"required name=search_term_string\"}],\"inLanguage\":\"fr-FR\"},{\"@type\":\"ImageObject\",\"@id\":\"https:\/\/www.treemates.net\/fr\/#primaryimage\",\"inLanguage\":\"fr-FR\",\"url\":\"https:\/\/www.treemates.net\/wp-content\/uploads\/2019\/10\/treemates_header_aboutus.jpg\",\"contentUrl\":\"https:\/\/www.treemates.net\/wp-content\/uploads\/2019\/10\/treemates_header_aboutus.jpg\",\"width\":999,\"height\":800},{\"@type\":\"WebPage\",\"@id\":\"https:\/\/www.treemates.net\/fr\/#webpage\",\"url\":\"https:\/\/www.treemates.net\/fr\/\",\"name\":\"TreeMates | Le projet CSR, pour une reforestation durable de la Terre.\",\"isPartOf\":{\"@id\":\"https:\/\/www.treemates.net\/#website\"},\"primaryImageOfPage\":{\"@id\":\"https:\/\/www.treemates.net\/fr\/#primaryimage\"},\"datePublished\":\"2019-10-03T08:21:19+00:00\",\"dateModified\":\"2020-11-05T08:59:29+00:00\",\"breadcrumb\":{\"@id\":\"https:\/\/www.treemates.net\/fr\/#breadcrumb\"},\"inLanguage\":\"fr-FR\",\"potentialAction\":[{\"@type\":\"ReadAction\",\"target\":[\"https:\/\/www.treemates.net\/fr\/\"]}]},{\"@type\":\"BreadcrumbList\",\"@id\":\"https:\/\/www.treemates.net\/fr\/#breadcrumb\",\"itemListElement\":[{\"@type\":\"ListItem\",\"position\":1,\"name\":\"Startseite\",\"item\":\"https:\/\/www.treemates.net\/fr\/\"},{\"@type\":\"ListItem\",\"position\":2,\"name\":\"Page d&rsquo;accueil\"}]}]}<\/script>\n<!-- \/ Yoast SEO plugin. -->","yoast_head_json":{"title":"TreeMates | Le projet CSR, pour une reforestation durable de la Terre.","robots":{"index":"index","follow":"follow","max-snippet":"max-snippet:-1","max-image-preview":"max-image-preview:large","max-video-preview":"max-video-preview:-1"},"canonical":"https:\/\/www.treemates.net\/fr\/","og_locale":"fr_FR","og_type":"article","og_title":"TreeMates | Le projet CSR, pour une reforestation durable de la Terre.","og_description":"Tout le monde peut d\u00e9sormais planter des arbres et sauver notre plan\u00e8te! Devenez un TreeMate et plantons ensemble 900 millions d&rsquo;hectares de for\u00eat pour promouvoir la reforestation durable des for\u00eats et ainsi sauver notre plan\u00e8te. Reforestation durable Sauvons le monde.Arbre apr\u00e8s arbre. Deux choses sont av\u00e9r\u00e9es : d&rsquo;une part, que, depuis des ann\u00e9es, nous creusons ...","og_url":"https:\/\/www.treemates.net\/fr\/","og_site_name":"TreeMates","article_modified_time":"2020-11-05T08:59:29+00:00","og_image":[{"url":"https:\/\/www.treemates.net\/wp-content\/uploads\/2019\/10\/treemates_header_aboutus.jpg"}],"twitter_card":"summary_large_image","schema":{"@context":"https:\/\/schema.org","@graph":[{"@type":"WebSite","@id":"https:\/\/www.treemates.net\/#website","url":"https:\/\/www.treemates.net\/","name":"TreeMates","description":"","potentialAction":[{"@type":"SearchAction","target":{"@type":"EntryPoint","urlTemplate":"https:\/\/www.treemates.net\/?s={search_term_string}"},"query-input":"required name=search_term_string"}],"inLanguage":"fr-FR"},{"@type":"ImageObject","@id":"https:\/\/www.treemates.net\/fr\/#primaryimage","inLanguage":"fr-FR","url":"https:\/\/www.treemates.net\/wp-content\/uploads\/2019\/10\/treemates_header_aboutus.jpg","contentUrl":"https:\/\/www.treemates.net\/wp-content\/uploads\/2019\/10\/treemates_header_aboutus.jpg","width":999,"height":800},{"@type":"WebPage","@id":"https:\/\/www.treemates.net\/fr\/#webpage","url":"https:\/\/www.treemates.net\/fr\/","name":"TreeMates | Le projet CSR, pour une reforestation durable de la Terre.","isPartOf":{"@id":"https:\/\/www.treemates.net\/#website"},"primaryImageOfPage":{"@id":"https:\/\/www.treemates.net\/fr\/#primaryimage"},"datePublished":"2019-10-03T08:21:19+00:00","dateModified":"2020-11-05T08:59:29+00:00","breadcrumb":{"@id":"https:\/\/www.treemates.net\/fr\/#breadcrumb"},"inLanguage":"fr-FR","potentialAction":[{"@type":"ReadAction","target":["https:\/\/www.treemates.net\/fr\/"]}]},{"@type":"BreadcrumbList","@id":"https:\/\/www.treemates.net\/fr\/#breadcrumb","itemListElement":[{"@type":"ListItem","position":1,"name":"Startseite","item":"https:\/\/www.treemates.net\/fr\/"},{"@type":"ListItem","position":2,"name":"Page d&rsquo;accueil"}]}]}},"_links":{"self":[{"href":"https:\/\/www.treemates.net\/fr\/wp-json\/wp\/v2\/pages\/1369"}],"collection":[{"href":"https:\/\/www.treemates.net\/fr\/wp-json\/wp\/v2\/pages"}],"about":[{"href":"https:\/\/www.treemates.net\/fr\/wp-json\/wp\/v2\/types\/page"}],"author":[{"embeddable":true,"href":"https:\/\/www.treemates.net\/fr\/wp-json\/wp\/v2\/users\/1"}],"replies":[{"embeddable":true,"href":"https:\/\/www.treemates.net\/fr\/wp-json\/wp\/v2\/comments?post=1369"}],"version-history":[{"count":3,"href":"https:\/\/www.treemates.net\/fr\/wp-json\/wp\/v2\/pages\/1369\/revisions"}],"predecessor-version":[{"id":1393,"href":"https:\/\/www.treemates.net\/fr\/wp-json\/wp\/v2\/pages\/1369\/revisions\/1393"}],"wp:attachment":[{"href":"https:\/\/www.treemates.net\/fr\/wp-json\/wp\/v2\/media?parent=1369"}],"curies":[{"name":"wp","href":"https:\/\/api.w.org\/{rel}","templated":true}]}}